{"id":10,"date":"2019-06-11T17:34:25","date_gmt":"2019-06-11T15:34:25","guid":{"rendered":"http:\/\/photoib.pl\/?page_id=10"},"modified":"2019-12-01T15:04:23","modified_gmt":"2019-12-01T14:04:23","slug":"kontakt","status":"publish","type":"page","link":"http:\/\/photoib.pl\/?page_id=10","title":{"rendered":"Kontakt"},"content":{"rendered":"\n<p style=\"font-size:21px;text-align:center\" class=\"has-text-color has-brown-color\"> Je\u015bli jeste\u015b zainteresowany\/a sesj\u0105 zdj\u0119ciow\u0105 lub masz ciekawy pomys\u0142 na wsp\u00f3\u0142prac\u0119,<br>skontaktuj si\u0119 ze mn\u0105:<br><br><strong>Telefon +48 607 700 299<br>E-mail: kontakt@photoib.pl<\/strong><\/p>\n","protected":false},"excerpt":{"rendered":"<p>Je\u015bli jeste\u015b zainteresowany\/a sesj\u0105 zdj\u0119ciow\u0105 lub masz ciekawy pomys\u0142 na wsp\u00f3\u0142prac\u0119,skontaktuj si\u0119 ze mn\u0105: Telefon +48 607 700 299E-mail: kontakt@photoib.pl<\/p>\n","protected":false},"author":1,"featured_media":0,"parent":0,"menu_order":0,"comment_status":"closed","ping_status":"closed","template":"","meta":{"footnotes":""},"class_list":["post-10","page","type-page","status-publish","hentry"],"_links":{"self":[{"href":"http:\/\/photoib.pl\/index.php?rest_route=\/wp\/v2\/pages\/10","targetHints":{"allow":["GET"]}}],"collection":[{"href":"http:\/\/photoib.pl\/index.php?rest_route=\/wp\/v2\/pages"}],"about":[{"href":"http:\/\/photoib.pl\/index.php?rest_route=\/wp\/v2\/types\/page"}],"author":[{"embeddable":true,"href":"http:\/\/photoib.pl\/index.php?rest_route=\/wp\/v2\/users\/1"}],"replies":[{"embeddable":true,"href":"http:\/\/photoib.pl\/index.php?rest_route=%2Fwp%2Fv2%2Fcomments&post=10"}],"version-history":[{"count":13,"href":"http:\/\/photoib.pl\/index.php?rest_route=\/wp\/v2\/pages\/10\/revisions"}],"predecessor-version":[{"id":227,"href":"http:\/\/photoib.pl\/index.php?rest_route=\/wp\/v2\/pages\/10\/revisions\/227"}],"wp:attachment":[{"href":"http:\/\/photoib.pl\/index.php?rest_route=%2Fwp%2Fv2%2Fmedia&parent=10"}],"curies":[{"name":"wp","href":"https:\/\/api.w.org\/{rel}","templated":true}]}}