{"id":233,"date":"2019-12-01T15:13:16","date_gmt":"2019-12-01T14:13:16","guid":{"rendered":"http:\/\/photoib.pl\/?page_id=233"},"modified":"2019-12-01T16:00:51","modified_gmt":"2019-12-01T15:00:51","slug":"kilka-slow-o-mnie","status":"publish","type":"page","link":"http:\/\/photoib.pl\/?page_id=233","title":{"rendered":"Kilka s\u0142\u00f3w o mnie"},"content":{"rendered":"\n<p style=\"font-size:21px;text-align:center\"> Mi\u0142o mi, \u017ce tutaj jeste\u015b! Nazywam si\u0119 Ireneusz Bobowski, a fotografia  to moja pasja, praca i spos\u00f3b na \u017cycie. Chc\u0119 opowiedzie\u0107 o Tobie dobrymi  zdj\u0119ciami. Wierz\u0119, \u017ce fotografia  \u015blubna i rodzinna nie musi nudzi\u0107  odbiorc\u00f3w.  Oddaje Wam niepozowane zdj\u0119cia, kt\u00f3re poruszaj\u0105 serce,  opowiadaj\u0105 o Was,  pokazuj\u0105 Was tu i teraz.  Serdecznie zapraszam  Ci\u0119  do obejrzenia moich zdj\u0119\u0107, a je\u015bli Ci si\u0119 spodoba, skontaktuj si\u0119 ze   mn\u0105. Z wielk\u0105 przyjemno\u015bci\u0105\u00a0zostan\u0119 Twoim fotografem!\u00a0<\/p>\n\n\n\n<p style=\"text-align:center\">  <img loading=\"lazy\" decoding=\"async\" width=\"500\" height=\"749\" class=\"wp-image-247\" style=\"width: 500px;\" src=\"http:\/\/photoib.pl\/wp-content\/uploads\/2019\/12\/DSC_5485.jpg\" alt=\"\" srcset=\"http:\/\/photoib.pl\/wp-content\/uploads\/2019\/12\/DSC_5485.jpg 4016w, http:\/\/photoib.pl\/wp-content\/uploads\/2019\/12\/DSC_5485-200x300.jpg 200w, http:\/\/photoib.pl\/wp-content\/uploads\/2019\/12\/DSC_5485-768x1150.jpg 768w, http:\/\/photoib.pl\/wp-content\/uploads\/2019\/12\/DSC_5485-684x1024.jpg 684w\" sizes=\"auto, (max-width: 500px) 100vw, 500px\" \/><\/p>\n","protected":false},"excerpt":{"rendered":"<p>Mi\u0142o mi, \u017ce tutaj jeste\u015b! Nazywam si\u0119 Ireneusz Bobowski, a fotografia to moja pasja, praca i spos\u00f3b na \u017cycie. Chc\u0119 opowiedzie\u0107 o Tobie dobrymi zdj\u0119ciami. Wierz\u0119, \u017ce fotografia \u015blubna i rodzinna nie musi nudzi\u0107 odbiorc\u00f3w. Oddaje Wam niepozowane zdj\u0119cia, kt\u00f3re poruszaj\u0105 serce, opowiadaj\u0105 o Was, pokazuj\u0105 Was tu i teraz. Serdecznie zapraszam Ci\u0119 do obejrzenia [&hellip;]<\/p>\n","protected":false},"author":1,"featured_media":0,"parent":0,"menu_order":0,"comment_status":"closed","ping_status":"closed","template":"","meta":{"footnotes":""},"class_list":["post-233","page","type-page","status-publish","hentry"],"_links":{"self":[{"href":"http:\/\/photoib.pl\/index.php?rest_route=\/wp\/v2\/pages\/233","targetHints":{"allow":["GET"]}}],"collection":[{"href":"http:\/\/photoib.pl\/index.php?rest_route=\/wp\/v2\/pages"}],"about":[{"href":"http:\/\/photoib.pl\/index.php?rest_route=\/wp\/v2\/types\/page"}],"author":[{"embeddable":true,"href":"http:\/\/photoib.pl\/index.php?rest_route=\/wp\/v2\/users\/1"}],"replies":[{"embeddable":true,"href":"http:\/\/photoib.pl\/index.php?rest_route=%2Fwp%2Fv2%2Fcomments&post=233"}],"version-history":[{"count":5,"href":"http:\/\/photoib.pl\/index.php?rest_route=\/wp\/v2\/pages\/233\/revisions"}],"predecessor-version":[{"id":248,"href":"http:\/\/photoib.pl\/index.php?rest_route=\/wp\/v2\/pages\/233\/revisions\/248"}],"wp:attachment":[{"href":"http:\/\/photoib.pl\/index.php?rest_route=%2Fwp%2Fv2%2Fmedia&parent=233"}],"curies":[{"name":"wp","href":"https:\/\/api.w.org\/{rel}","templated":true}]}}